{"id":4716,"date":"2020-04-10T11:03:13","date_gmt":"2020-04-10T11:03:13","guid":{"rendered":"https:\/\/levinebros.ca\/product\/kwc\/"},"modified":"2020-08-08T07:09:50","modified_gmt":"2020-08-08T07:09:50","slug":"kwc","status":"publish","type":"product","link":"https:\/\/levinebros.ca\/fr\/product\/kwc\/","title":{"rendered":"KWC"},"content":{"rendered":"<div id=\"fb-root\"><\/div>\n","protected":false},"excerpt":{"rendered":"<p><b>MARQUE:<\/b><br \/>\nKWC<\/p>\n<p><b>MOD\u00c8LE:<\/b><br \/>\nDomo<\/p>\n<p><b>DESCRIPTION:<\/b><br \/>\nSPoign\u00e9e unique et pulv\u00e9risateur coulissant <\/p>\n<p><b>COULEUR<\/b><br \/>\nChrome<\/p>\n","protected":false},"featured_media":4714,"template":"","meta":[],"product_cat":[66],"product_tag":[],"yoast_head":"<!-- This site is optimized with the Yoast SEO plugin v22.8 - https:\/\/yoast.com\/wordpress\/plugins\/seo\/ -->\n<title>KWC | Levine Bros<\/title>\n<meta name=\"robots\" content=\"index, follow, max-snippet:-1, max-image-preview:large, max-video-preview:-1\" \/>\n<link rel=\"canonical\" href=\"https:\/\/levinebros.ca\/product\/kwc\/\" \/>\n<meta property=\"og:locale\" content=\"fr_FR\" \/>\n<meta property=\"og:type\" content=\"article\" \/>\n<meta property=\"og:title\" content=\"KWC | Levine Bros\" \/>\n<meta property=\"og:description\" content=\"MARQUE: KWC  MOD\u00c8LE: Domo  DESCRIPTION: SPoign\u00e9e unique et pulv\u00e9risateur coulissant   COULEUR Chrome\" \/>\n<meta property=\"og:url\" content=\"https:\/\/levinebros.ca\/product\/kwc\/\" \/>\n<meta property=\"og:site_name\" content=\"Levine Bros\" \/>\n<meta property=\"article:publisher\" content=\"https:\/\/www.facebook.com\/LevineBros.Plumbing\/\" \/>\n<meta property=\"article:modified_time\" content=\"2020-08-08T07:09:50+00:00\" \/>\n<meta property=\"og:image\" content=\"https:\/\/levinebros.ca\/wp-content\/uploads\/2020\/04\/kitchen-faucet16.jpg\" \/>\n\t<meta property=\"og:image:width\" content=\"350\" \/>\n\t<meta property=\"og:image:height\" content=\"350\" \/>\n\t<meta property=\"og:image:type\" content=\"image\/jpeg\" \/>\n<meta name=\"twitter:card\" content=\"summary_large_image\" \/>\n<script type=\"application\/ld+json\" class=\"yoast-schema-graph\">{\"@context\":\"https:\/\/schema.org\",\"@graph\":[{\"@type\":\"WebPage\",\"@id\":\"https:\/\/levinebros.ca\/product\/kwc\/\",\"url\":\"https:\/\/levinebros.ca\/product\/kwc\/\",\"name\":\"KWC | Levine Bros\",\"isPartOf\":{\"@id\":\"https:\/\/levinebros.ca\/#website\"},\"primaryImageOfPage\":{\"@id\":\"https:\/\/levinebros.ca\/product\/kwc\/#primaryimage\"},\"image\":{\"@id\":\"https:\/\/levinebros.ca\/product\/kwc\/#primaryimage\"},\"thumbnailUrl\":\"https:\/\/levinebros.ca\/wp-content\/uploads\/2020\/04\/kitchen-faucet16.jpg\",\"datePublished\":\"2020-04-10T11:03:13+00:00\",\"dateModified\":\"2020-08-08T07:09:50+00:00\",\"breadcrumb\":{\"@id\":\"https:\/\/levinebros.ca\/product\/kwc\/#breadcrumb\"},\"inLanguage\":\"fr-FR\",\"potentialAction\":[{\"@type\":\"ReadAction\",\"target\":[\"https:\/\/levinebros.ca\/product\/kwc\/\"]}]},{\"@type\":\"ImageObject\",\"inLanguage\":\"fr-FR\",\"@id\":\"https:\/\/levinebros.ca\/product\/kwc\/#primaryimage\",\"url\":\"https:\/\/levinebros.ca\/wp-content\/uploads\/2020\/04\/kitchen-faucet16.jpg\",\"contentUrl\":\"https:\/\/levinebros.ca\/wp-content\/uploads\/2020\/04\/kitchen-faucet16.jpg\",\"width\":350,\"height\":350},{\"@type\":\"BreadcrumbList\",\"@id\":\"https:\/\/levinebros.ca\/product\/kwc\/#breadcrumb\",\"itemListElement\":[{\"@type\":\"ListItem\",\"position\":1,\"name\":\"Home\",\"item\":\"https:\/\/levinebros.ca\/fr\/\"},{\"@type\":\"ListItem\",\"position\":2,\"name\":\"Boutique\",\"item\":\"https:\/\/levinebros.ca\/fr\/boutique\/\"},{\"@type\":\"ListItem\",\"position\":3,\"name\":\"KWC\"}]},{\"@type\":\"WebSite\",\"@id\":\"https:\/\/levinebros.ca\/#website\",\"url\":\"https:\/\/levinebros.ca\/\",\"name\":\"Levine Bros\",\"description\":\"Fully licensed plumbers in Montreal\",\"publisher\":{\"@id\":\"https:\/\/levinebros.ca\/#organization\"},\"potentialAction\":[{\"@type\":\"SearchAction\",\"target\":{\"@type\":\"EntryPoint\",\"urlTemplate\":\"https:\/\/levinebros.ca\/?s={search_term_string}\"},\"query-input\":\"required name=search_term_string\"}],\"inLanguage\":\"fr-FR\"},{\"@type\":\"Organization\",\"@id\":\"https:\/\/levinebros.ca\/#organization\",\"name\":\"Levine Bros\",\"url\":\"https:\/\/levinebros.ca\/\",\"logo\":{\"@type\":\"ImageObject\",\"inLanguage\":\"fr-FR\",\"@id\":\"https:\/\/levinebros.ca\/#\/schema\/logo\/image\/\",\"url\":\"https:\/\/levinebros.ca\/wp-content\/uploads\/2024\/12\/levine-bros-logo.png\",\"contentUrl\":\"https:\/\/levinebros.ca\/wp-content\/uploads\/2024\/12\/levine-bros-logo.png\",\"width\":1500,\"height\":466,\"caption\":\"Levine Bros\"},\"image\":{\"@id\":\"https:\/\/levinebros.ca\/#\/schema\/logo\/image\/\"},\"sameAs\":[\"https:\/\/www.facebook.com\/LevineBros.Plumbing\/\",\"https:\/\/www.instagram.com\/levinebros\/\",\"https:\/\/ca.linkedin.com\/company\/levine-bros-plumbing\"]}]}<\/script>\n<!-- \/ Yoast SEO plugin. -->","yoast_head_json":{"title":"KWC | Levine Bros","robots":{"index":"index","follow":"follow","max-snippet":"max-snippet:-1","max-image-preview":"max-image-preview:large","max-video-preview":"max-video-preview:-1"},"canonical":"https:\/\/levinebros.ca\/product\/kwc\/","og_locale":"fr_FR","og_type":"article","og_title":"KWC | Levine Bros","og_description":"MARQUE: KWC  MOD\u00c8LE: Domo  DESCRIPTION: SPoign\u00e9e unique et pulv\u00e9risateur coulissant   COULEUR Chrome","og_url":"https:\/\/levinebros.ca\/product\/kwc\/","og_site_name":"Levine Bros","article_publisher":"https:\/\/www.facebook.com\/LevineBros.Plumbing\/","article_modified_time":"2020-08-08T07:09:50+00:00","og_image":[{"width":350,"height":350,"url":"https:\/\/levinebros.ca\/wp-content\/uploads\/2020\/04\/kitchen-faucet16.jpg","type":"image\/jpeg"}],"twitter_card":"summary_large_image","schema":{"@context":"https:\/\/schema.org","@graph":[{"@type":"WebPage","@id":"https:\/\/levinebros.ca\/product\/kwc\/","url":"https:\/\/levinebros.ca\/product\/kwc\/","name":"KWC | Levine Bros","isPartOf":{"@id":"https:\/\/levinebros.ca\/#website"},"primaryImageOfPage":{"@id":"https:\/\/levinebros.ca\/product\/kwc\/#primaryimage"},"image":{"@id":"https:\/\/levinebros.ca\/product\/kwc\/#primaryimage"},"thumbnailUrl":"https:\/\/levinebros.ca\/wp-content\/uploads\/2020\/04\/kitchen-faucet16.jpg","datePublished":"2020-04-10T11:03:13+00:00","dateModified":"2020-08-08T07:09:50+00:00","breadcrumb":{"@id":"https:\/\/levinebros.ca\/product\/kwc\/#breadcrumb"},"inLanguage":"fr-FR","potentialAction":[{"@type":"ReadAction","target":["https:\/\/levinebros.ca\/product\/kwc\/"]}]},{"@type":"ImageObject","inLanguage":"fr-FR","@id":"https:\/\/levinebros.ca\/product\/kwc\/#primaryimage","url":"https:\/\/levinebros.ca\/wp-content\/uploads\/2020\/04\/kitchen-faucet16.jpg","contentUrl":"https:\/\/levinebros.ca\/wp-content\/uploads\/2020\/04\/kitchen-faucet16.jpg","width":350,"height":350},{"@type":"BreadcrumbList","@id":"https:\/\/levinebros.ca\/product\/kwc\/#breadcrumb","itemListElement":[{"@type":"ListItem","position":1,"name":"Home","item":"https:\/\/levinebros.ca\/fr\/"},{"@type":"ListItem","position":2,"name":"Boutique","item":"https:\/\/levinebros.ca\/fr\/boutique\/"},{"@type":"ListItem","position":3,"name":"KWC"}]},{"@type":"WebSite","@id":"https:\/\/levinebros.ca\/#website","url":"https:\/\/levinebros.ca\/","name":"Levine Bros","description":"Fully licensed plumbers in Montreal","publisher":{"@id":"https:\/\/levinebros.ca\/#organization"},"potentialAction":[{"@type":"SearchAction","target":{"@type":"EntryPoint","urlTemplate":"https:\/\/levinebros.ca\/?s={search_term_string}"},"query-input":"required name=search_term_string"}],"inLanguage":"fr-FR"},{"@type":"Organization","@id":"https:\/\/levinebros.ca\/#organization","name":"Levine Bros","url":"https:\/\/levinebros.ca\/","logo":{"@type":"ImageObject","inLanguage":"fr-FR","@id":"https:\/\/levinebros.ca\/#\/schema\/logo\/image\/","url":"https:\/\/levinebros.ca\/wp-content\/uploads\/2024\/12\/levine-bros-logo.png","contentUrl":"https:\/\/levinebros.ca\/wp-content\/uploads\/2024\/12\/levine-bros-logo.png","width":1500,"height":466,"caption":"Levine Bros"},"image":{"@id":"https:\/\/levinebros.ca\/#\/schema\/logo\/image\/"},"sameAs":["https:\/\/www.facebook.com\/LevineBros.Plumbing\/","https:\/\/www.instagram.com\/levinebros\/","https:\/\/ca.linkedin.com\/company\/levine-bros-plumbing"]}]}},"_links":{"self":[{"href":"https:\/\/levinebros.ca\/fr\/wp-json\/wp\/v2\/product\/4716"}],"collection":[{"href":"https:\/\/levinebros.ca\/fr\/wp-json\/wp\/v2\/product"}],"about":[{"href":"https:\/\/levinebros.ca\/fr\/wp-json\/wp\/v2\/types\/product"}],"wp:featuredmedia":[{"embeddable":true,"href":"https:\/\/levinebros.ca\/fr\/wp-json\/wp\/v2\/media\/4714"}],"wp:attachment":[{"href":"https:\/\/levinebros.ca\/fr\/wp-json\/wp\/v2\/media?parent=4716"}],"wp:term":[{"taxonomy":"product_cat","embeddable":true,"href":"https:\/\/levinebros.ca\/fr\/wp-json\/wp\/v2\/product_cat?post=4716"},{"taxonomy":"product_tag","embeddable":true,"href":"https:\/\/levinebros.ca\/fr\/wp-json\/wp\/v2\/product_tag?post=4716"}],"curies":[{"name":"wp","href":"https:\/\/api.w.org\/{rel}","templated":true}]}}